{"id":9018,"date":"2025-06-15T22:55:57","date_gmt":"2025-06-15T22:55:57","guid":{"rendered":"https:\/\/surrealeffect.com\/?page_id=9018"},"modified":"2025-06-15T23:08:26","modified_gmt":"2025-06-15T23:08:26","slug":"cartera-de-proyectos","status":"publish","type":"page","link":"https:\/\/surrealeffect.com\/es\/cartera-de-proyectos\/","title":{"rendered":"Cartera de proyectos"},"content":{"rendered":"<div data-elementor-type=\"wp-page\" data-elementor-id=\"9018\" class=\"elementor elementor-9018\" data-elementor-post-type=\"page\">\n\t\t\t\t<header class=\"elementor-element elementor-element-639dcf5 e-con-full e-flex e-con e-parent\" data-id=\"639dcf5\" data-element_type=\"container\" data-e-type=\"container\" data-settings=\"{&quot;background_background&quot;:&quot;gradient&quot;}\">\n\t\t\t\t<div class=\"elementor-element elementor-element-250ffb3 elementor-widget elementor-widget-breadcrumbs\" data-id=\"250ffb3\" data-element_type=\"widget\" data-e-type=\"widget\" data-widget_type=\"breadcrumbs.default\">\n\t\t\t\t\t<p id=\"breadcrumbs\"><span><span><a href=\"https:\/\/surrealeffect.com\/es\">Inicio<\/a><\/span><\/span><\/p>\t\t\t\t<\/div>\n\t\t\t\t<div class=\"elementor-element elementor-element-3bcfdb8 elementor-widget__width-auto elementor-widget elementor-widget-heading\" data-id=\"3bcfdb8\" data-element_type=\"widget\" data-e-type=\"widget\" data-widget_type=\"heading.default\">\n\t\t\t\t\t<h2 class=\"elementor-heading-title elementor-size-default\">Nuestro trabajo en acci\u00f3n<\/h2>\t\t\t\t<\/div>\n\t\t\t\t<div class=\"elementor-element elementor-element-afd1bf4 elementor-widget__width-initial elementor-widget-tablet__width-initial elementor-widget-mobile__width-inherit elementor-widget elementor-widget-heading\" data-id=\"afd1bf4\" data-element_type=\"widget\" data-e-type=\"widget\" data-widget_type=\"heading.default\">\n\t\t\t\t\t<p class=\"elementor-heading-title elementor-size-default\">Explore algunos de los proyectos que hemos creado para nuestros clientes: soluciones reales, resultados reales.<\/p>\t\t\t\t<\/div>\n\t\t\t\t<div class=\"elementor-element elementor-element-7476bbb elementor-posts--align-left elementor-widget-mobile__width-initial elementor-widget__width-initial portfolio-posts_article elementor-grid-3 elementor-grid-tablet-2 elementor-grid-mobile-1 elementor-posts--thumbnail-top elementor-card-shadow-yes elementor-posts__hover-gradient elementor-widget elementor-widget-posts\" data-id=\"7476bbb\" data-element_type=\"widget\" data-e-type=\"widget\" data-settings=\"{&quot;cards_row_gap&quot;:{&quot;unit&quot;:&quot;em&quot;,&quot;size&quot;:1.4,&quot;sizes&quot;:[]},&quot;cards_row_gap_tablet&quot;:{&quot;unit&quot;:&quot;em&quot;,&quot;size&quot;:&quot;&quot;,&quot;sizes&quot;:[]},&quot;cards_row_gap_mobile&quot;:{&quot;unit&quot;:&quot;em&quot;,&quot;size&quot;:1,&quot;sizes&quot;:[]},&quot;pagination_type&quot;:&quot;numbers_and_prev_next&quot;,&quot;cards_columns&quot;:&quot;3&quot;,&quot;cards_columns_tablet&quot;:&quot;2&quot;,&quot;cards_columns_mobile&quot;:&quot;1&quot;}\" data-widget_type=\"posts.cards\">\n\t\t\t\t<div class=\"elementor-widget-container\">\n\t\t\t\t\t\t\t<div class=\"elementor-posts-container elementor-posts elementor-posts--skin-cards elementor-grid\" role=\"list\">\n\t\t\t\t<article class=\"elementor-post elementor-grid-item post-8800 post type-post status-publish format-standard has-post-thumbnail hentry category-digital-marketing-portfolio\" role=\"listitem\">\n\t\t\t<div class=\"elementor-post__card\">\n\t\t\t\t<a class=\"elementor-post__thumbnail__link\" href=\"https:\/\/surrealeffect.com\/es\/social-media-strategy-educational-content-voice-for-tempo-de-aprender\/\" tabindex=\"-1\" ><div class=\"elementor-post__thumbnail\"><img fetchpriority=\"high\" decoding=\"async\" width=\"300\" height=\"227\" src=\"https:\/\/surrealeffect.com\/wp-content\/uploads\/2025\/05\/tempo-de-aprender-social_media-case-1-300x227.webp\" class=\"attachment-medium size-medium wp-image-8811\" alt=\"\" srcset=\"https:\/\/surrealeffect.com\/wp-content\/uploads\/2025\/05\/tempo-de-aprender-social_media-case-1-300x227.webp 300w, https:\/\/surrealeffect.com\/wp-content\/uploads\/2025\/05\/tempo-de-aprender-social_media-case-1-16x12.webp 16w, https:\/\/surrealeffect.com\/wp-content\/uploads\/2025\/05\/tempo-de-aprender-social_media-case-1.webp 698w\" sizes=\"(max-width: 300px) 100vw, 300px\" \/><\/div><\/a>\n\t\t\t\t<div class=\"elementor-post__badge\">Marketing digital<\/div>\n\t\t\t\t<div class=\"elementor-post__text\">\n\t\t\t\t<h3 class=\"elementor-post__title\">\n\t\t\t<a href=\"https:\/\/surrealeffect.com\/es\/social-media-strategy-educational-content-voice-for-tempo-de-aprender\/\" >\n\t\t\t\tEstrategia de medios sociales y voz de contenidos educativos para Time to Learn\t\t\t<\/a>\n\t\t<\/h3>\n\t\t\t\t\t<div class=\"elementor-post__read-more-wrapper\">\n\t\t\n\t\t<a class=\"elementor-post__read-more\" href=\"https:\/\/surrealeffect.com\/es\/social-media-strategy-educational-content-voice-for-tempo-de-aprender\/\" aria-label=\"Leer m\u00e1s sobre Social Media Strategy &amp; Educational Content Voice for Time to Learn\" tabindex=\"-1\" >\n\t\t\tLeer M\u00e1s \"\t\t<\/a>\n\n\t\t\t\t\t<\/div>\n\t\t\t\t<\/div>\n\t\t\t\t\t<\/div>\n\t\t<\/article>\n\t\t\t\t<article class=\"elementor-post elementor-grid-item post-8758 post type-post status-publish format-standard has-post-thumbnail hentry category-digital-marketing-portfolio\" role=\"listitem\">\n\t\t\t<div class=\"elementor-post__card\">\n\t\t\t\t<a class=\"elementor-post__thumbnail__link\" href=\"https:\/\/surrealeffect.com\/es\/estrategia-de-redes-sociales-y-voz-de-marca-personal-para-ana-carolina-agnolon\/\" tabindex=\"-1\" ><div class=\"elementor-post__thumbnail\"><img decoding=\"async\" width=\"300\" height=\"227\" src=\"https:\/\/surrealeffect.com\/wp-content\/uploads\/2025\/05\/Ana-Carolina-Agnolon-social_media-case-300x227.webp\" class=\"attachment-medium size-medium wp-image-8782\" alt=\"\" srcset=\"https:\/\/surrealeffect.com\/wp-content\/uploads\/2025\/05\/Ana-Carolina-Agnolon-social_media-case-300x227.webp 300w, https:\/\/surrealeffect.com\/wp-content\/uploads\/2025\/05\/Ana-Carolina-Agnolon-social_media-case-16x12.webp 16w, https:\/\/surrealeffect.com\/wp-content\/uploads\/2025\/05\/Ana-Carolina-Agnolon-social_media-case.webp 698w\" sizes=\"(max-width: 300px) 100vw, 300px\" \/><\/div><\/a>\n\t\t\t\t<div class=\"elementor-post__badge\">Marketing digital<\/div>\n\t\t\t\t<div class=\"elementor-post__text\">\n\t\t\t\t<h3 class=\"elementor-post__title\">\n\t\t\t<a href=\"https:\/\/surrealeffect.com\/es\/estrategia-de-redes-sociales-y-voz-de-marca-personal-para-ana-carolina-agnolon\/\" >\n\t\t\t\tEstrategia de redes sociales y voz de marca personal para Ana Carolina Agnolon\t\t\t<\/a>\n\t\t<\/h3>\n\t\t\t\t\t<div class=\"elementor-post__read-more-wrapper\">\n\t\t\n\t\t<a class=\"elementor-post__read-more\" href=\"https:\/\/surrealeffect.com\/es\/estrategia-de-redes-sociales-y-voz-de-marca-personal-para-ana-carolina-agnolon\/\" aria-label=\"Leer m\u00e1s sobre Estrategia de redes sociales y voz de marca personal para Ana Carolina Agnolon\" tabindex=\"-1\" >\n\t\t\tLeer M\u00e1s \"\t\t<\/a>\n\n\t\t\t\t\t<\/div>\n\t\t\t\t<\/div>\n\t\t\t\t\t<\/div>\n\t\t<\/article>\n\t\t\t\t<article class=\"elementor-post elementor-grid-item post-8757 post type-post status-publish format-standard has-post-thumbnail hentry category-digital-marketing-portfolio\" role=\"listitem\">\n\t\t\t<div class=\"elementor-post__card\">\n\t\t\t\t<a class=\"elementor-post__thumbnail__link\" href=\"https:\/\/surrealeffect.com\/es\/estrategia-en-redes-sociales-voz-de-marca-para-madame-faxina\/\" tabindex=\"-1\" ><div class=\"elementor-post__thumbnail\"><img decoding=\"async\" width=\"300\" height=\"227\" src=\"https:\/\/surrealeffect.com\/wp-content\/uploads\/2025\/05\/madame-faxina-social_media-case-300x227.webp\" class=\"attachment-medium size-medium wp-image-8759\" alt=\"\" srcset=\"https:\/\/surrealeffect.com\/wp-content\/uploads\/2025\/05\/madame-faxina-social_media-case-300x227.webp 300w, https:\/\/surrealeffect.com\/wp-content\/uploads\/2025\/05\/madame-faxina-social_media-case-16x12.webp 16w, https:\/\/surrealeffect.com\/wp-content\/uploads\/2025\/05\/madame-faxina-social_media-case.webp 698w\" sizes=\"(max-width: 300px) 100vw, 300px\" \/><\/div><\/a>\n\t\t\t\t<div class=\"elementor-post__badge\">Marketing digital<\/div>\n\t\t\t\t<div class=\"elementor-post__text\">\n\t\t\t\t<h3 class=\"elementor-post__title\">\n\t\t\t<a href=\"https:\/\/surrealeffect.com\/es\/estrategia-en-redes-sociales-voz-de-marca-para-madame-faxina\/\" >\n\t\t\t\tEstrategia de redes sociales y voz de marca para Madame Faxina\t\t\t<\/a>\n\t\t<\/h3>\n\t\t\t\t\t<div class=\"elementor-post__read-more-wrapper\">\n\t\t\n\t\t<a class=\"elementor-post__read-more\" href=\"https:\/\/surrealeffect.com\/es\/estrategia-en-redes-sociales-voz-de-marca-para-madame-faxina\/\" aria-label=\"Read more about Estrategia de redes sociales y voz de marca para Madame Faxina\" tabindex=\"-1\" >\n\t\t\tLeer M\u00e1s \"\t\t<\/a>\n\n\t\t\t\t\t<\/div>\n\t\t\t\t<\/div>\n\t\t\t\t\t<\/div>\n\t\t<\/article>\n\t\t\t\t<article class=\"elementor-post elementor-grid-item post-8682 post type-post status-publish format-standard has-post-thumbnail hentry category-digital-marketing-portfolio\" role=\"listitem\">\n\t\t\t<div class=\"elementor-post__card\">\n\t\t\t\t<a class=\"elementor-post__thumbnail__link\" href=\"https:\/\/surrealeffect.com\/es\/estrategia-de-medios-sociales-voz-de-marca-para-una-tienda-m\/\" tabindex=\"-1\" ><div class=\"elementor-post__thumbnail\"><img loading=\"lazy\" decoding=\"async\" width=\"300\" height=\"227\" src=\"https:\/\/surrealeffect.com\/wp-content\/uploads\/2025\/05\/am-store-social_media-case-300x227.webp\" class=\"attachment-medium size-medium wp-image-8683\" alt=\"\" srcset=\"https:\/\/surrealeffect.com\/wp-content\/uploads\/2025\/05\/am-store-social_media-case-300x227.webp 300w, https:\/\/surrealeffect.com\/wp-content\/uploads\/2025\/05\/am-store-social_media-case-16x12.webp 16w, https:\/\/surrealeffect.com\/wp-content\/uploads\/2025\/05\/am-store-social_media-case.webp 698w\" sizes=\"(max-width: 300px) 100vw, 300px\" \/><\/div><\/a>\n\t\t\t\t<div class=\"elementor-post__badge\">Marketing digital<\/div>\n\t\t\t\t<div class=\"elementor-post__text\">\n\t\t\t\t<h3 class=\"elementor-post__title\">\n\t\t\t<a href=\"https:\/\/surrealeffect.com\/es\/estrategia-de-medios-sociales-voz-de-marca-para-una-tienda-m\/\" >\n\t\t\t\tEstrategia de redes sociales y voz de marca para A.M. Store\t\t\t<\/a>\n\t\t<\/h3>\n\t\t\t\t\t<div class=\"elementor-post__read-more-wrapper\">\n\t\t\n\t\t<a class=\"elementor-post__read-more\" href=\"https:\/\/surrealeffect.com\/es\/estrategia-de-medios-sociales-voz-de-marca-para-una-tienda-m\/\" aria-label=\"Leer m\u00e1s sobre Estrategia en redes sociales y voz de marca para A.M. Store\" tabindex=\"-1\" >\n\t\t\tLeer M\u00e1s \"\t\t<\/a>\n\n\t\t\t\t\t<\/div>\n\t\t\t\t<\/div>\n\t\t\t\t\t<\/div>\n\t\t<\/article>\n\t\t\t\t<\/div>\n\t\t\n\t\t\t\t<div class=\"e-load-more-anchor\" data-page=\"1\" data-max-page=\"2\" data-next-page=\"https:\/\/surrealeffect.com\/wp-json\/wp\/v2\/pages\/9018\/page\/2\/\"><\/div>\n\t\t\t\t<nav class=\"elementor-pagination\" aria-label=\"Paginaci\u00f3n\">\n\t\t\t<span class=\"page-numbers prev\">\" Anterior<\/span>\n<span aria-current=\"page\" class=\"page-numbers current\"><span class=\"elementor-screen-only\">P\u00e1gina<\/span>1<\/span>\n<a class=\"page-numbers\" href=\"https:\/\/surrealeffect.com\/wp-json\/wp\/v2\/pages\/9018\/page\/2\/\"><span class=\"elementor-screen-only\">P\u00e1gina<\/span>2<\/a>\n<a class=\"page-numbers next\" href=\"https:\/\/surrealeffect.com\/wp-json\/wp\/v2\/pages\/9018\/page\/2\/\">Siguiente \"<\/a>\t\t<\/nav>\n\t\t\t\t\t\t<\/div>\n\t\t\t\t<\/div>\n\t\t\t\t<\/header>\n\t\t<section class=\"elementor-element elementor-element-41e5ef5 e-flex e-con-boxed e-con e-parent\" data-id=\"41e5ef5\" data-element_type=\"container\" data-e-type=\"container\" data-settings=\"{&quot;background_background&quot;:&quot;classic&quot;}\">\n\t\t\t\t\t<div class=\"e-con-inner\">\n\t\t<div class=\"elementor-element elementor-element-2dce457 e-con-full e-flex e-con e-child\" data-id=\"2dce457\" data-element_type=\"container\" data-e-type=\"container\" data-settings=\"{&quot;background_background&quot;:&quot;classic&quot;}\">\n\t\t\t\t<div class=\"elementor-element elementor-element-90c512d elementor-widget__width-initial elementor-widget-tablet__width-initial elementor-widget-mobile__width-inherit animated-fast elementor-invisible elementor-widget elementor-widget-heading\" data-id=\"90c512d\" data-element_type=\"widget\" data-e-type=\"widget\" data-settings=\"{&quot;_animation&quot;:&quot;fadeInLeft&quot;}\" data-widget_type=\"heading.default\">\n\t\t\t\t\t<h2 class=\"elementor-heading-title elementor-size-default\">Somos especialistas en<br> marketing digital.\n\n<\/h2>\t\t\t\t<\/div>\n\t\t<div class=\"elementor-element elementor-element-bb46600 e-con-full e-flex e-con e-child\" data-id=\"bb46600\" data-element_type=\"container\" data-e-type=\"container\">\n\t\t\t\t<div class=\"elementor-element elementor-element-7a3c12a elementor-widget__width-initial animated-fast elementor-invisible elementor-widget elementor-widget-heading\" data-id=\"7a3c12a\" data-element_type=\"widget\" data-e-type=\"widget\" data-settings=\"{&quot;_animation&quot;:&quot;fadeInUp&quot;}\" data-widget_type=\"heading.default\">\n\t\t\t\t\t<h2 class=\"elementor-heading-title elementor-size-default\">Estrategia, creaci\u00f3n y rendimiento a escala mundial.\n\n<\/h2>\t\t\t\t<\/div>\n\t\t\t\t<div class=\"elementor-element elementor-element-2b5c4fd elementor-align-right elementor-mobile-align-center animated-button__shadow animated-fast e-transform elementor-invisible elementor-widget elementor-widget-button\" data-id=\"2b5c4fd\" data-element_type=\"widget\" data-e-type=\"widget\" data-settings=\"{&quot;_animation&quot;:&quot;fadeInUp&quot;,&quot;_transform_translateY_effect_hover&quot;:{&quot;unit&quot;:&quot;em&quot;,&quot;size&quot;:-1,&quot;sizes&quot;:[]},&quot;_transform_translateY_effect_hover_tablet&quot;:{&quot;unit&quot;:&quot;em&quot;,&quot;size&quot;:&quot;&quot;,&quot;sizes&quot;:[]},&quot;_transform_translateY_effect_hover_mobile&quot;:{&quot;unit&quot;:&quot;em&quot;,&quot;size&quot;:&quot;&quot;,&quot;sizes&quot;:[]},&quot;_transform_translateX_effect_hover&quot;:{&quot;unit&quot;:&quot;px&quot;,&quot;size&quot;:&quot;&quot;,&quot;sizes&quot;:[]},&quot;_transform_translateX_effect_hover_tablet&quot;:{&quot;unit&quot;:&quot;px&quot;,&quot;size&quot;:&quot;&quot;,&quot;sizes&quot;:[]},&quot;_transform_translateX_effect_hover_mobile&quot;:{&quot;unit&quot;:&quot;px&quot;,&quot;size&quot;:&quot;&quot;,&quot;sizes&quot;:[]}}\" data-widget_type=\"button.default\">\n\t\t\t\t\t\t\t\t\t\t<a class=\"elementor-button elementor-button-link elementor-size-sm\" href=\"https:\/\/surrealeffect.com\/es\/nuestros-servicios\/\">\n\t\t\t\t\t\t<span class=\"elementor-button-content-wrapper\">\n\t\t\t\t\t\t<span class=\"elementor-button-icon\">\n\t\t\t\t<svg xmlns=\"http:\/\/www.w3.org\/2000\/svg\" id=\"Capa_1\" height=\"512\" viewbox=\"0 0 512 512\" width=\"512\"><g id=\"arrow_x2F_arrow-right\"><path id=\"Fill-6_1_\" clip-rule=\"evenodd\" d=\"m463.966 235.526-189.753-189.753c-4.16-4.16-10.923-4.16-15.083 0s-4.16 10.923 0 15.083l174.315 174.314h-380.117c-5.888 0-10.667 4.779-10.667 10.667 0 5.909 4.779 10.667 10.667 10.667h379.072l-173.269 173.269c-4.16 4.16-4.16 10.923 0 15.083 4.181 4.181 10.901 4.16 15.083 0l189.76-189.739c.571-.543 4.757-4.66 4.246-10.897-.404-4.919-3.465-7.956-4.254-8.694z\" fill-rule=\"evenodd\"><\/path><\/g><\/svg>\t\t\t<\/span>\n\t\t\t\t\t\t\t\t\t<span class=\"elementor-button-text\">Explore nuestros servicios<\/span>\n\t\t\t\t\t<\/span>\n\t\t\t\t\t<\/a>\n\t\t\t\t\t\t\t\t<\/div>\n\t\t\t\t<\/div>\n\t\t\t\t<\/div>\n\t\t\t\t\t<\/div>\n\t\t\t\t<\/section>\n\t\t\t\t<\/div>","protected":false},"excerpt":{"rendered":"<p>Nuestro trabajo en acci\u00f3n Explore algunos de los proyectos que hemos creado para nuestros clientes: soluciones reales, resultados reales Somos especialistas en marketing digital internacional. Estrategia,<\/p>","protected":false},"author":1,"featured_media":28,"parent":0,"menu_order":0,"comment_status":"closed","ping_status":"closed","template":"elementor_header_footer","meta":{"footnotes":""},"class_list":["post-9018","page","type-page","status-publish","has-post-thumbnail","hentry"],"yoast_head":"<!-- This site is optimized with the Yoast SEO plugin v27.5 - https:\/\/yoast.com\/product\/yoast-seo-wordpress\/ -->\n<title>Digital marketing Insights - SurrealEffect<\/title>\n<meta name=\"description\" content=\"Digital marketing Insights: Dive into expert perspectives and actionable ideas that empower you to unlock growth\" \/>\n<meta name=\"robots\" content=\"index, follow, max-snippet:-1, max-image-preview:large, max-video-preview:-1\" \/>\n<link rel=\"canonical\" href=\"https:\/\/surrealeffect.com\/es\/cartera-de-proyectos\/\" \/>\n<meta property=\"og:locale\" content=\"es_ES\" \/>\n<meta property=\"og:type\" content=\"article\" \/>\n<meta property=\"og:title\" content=\"Digital marketing Insights - SurrealEffect\" \/>\n<meta property=\"og:description\" content=\"Digital marketing Insights: Dive into expert perspectives and actionable ideas that empower you to unlock growth\" \/>\n<meta property=\"og:url\" content=\"https:\/\/surrealeffect.com\/es\/cartera-de-proyectos\/\" \/>\n<meta property=\"og:site_name\" content=\"SurrealEffect\" \/>\n<meta property=\"article:publisher\" content=\"https:\/\/www.facebook.com\/profile.php?id=61569196408200\" \/>\n<meta property=\"article:modified_time\" content=\"2025-06-15T23:08:26+00:00\" \/>\n<meta name=\"twitter:card\" content=\"summary_large_image\" \/>\n<meta name=\"twitter:label1\" content=\"Tiempo de lectura\" \/>\n\t<meta name=\"twitter:data1\" content=\"2 minutos\" \/>\n<script type=\"application\/ld+json\" class=\"yoast-schema-graph\">{\"@context\":\"https:\\\/\\\/schema.org\",\"@graph\":[{\"@type\":\"WebPage\",\"@id\":\"https:\\\/\\\/surrealeffect.com\\\/projects-portfolio\\\/\",\"url\":\"https:\\\/\\\/surrealeffect.com\\\/projects-portfolio\\\/\",\"name\":\"Digital marketing Insights - SurrealEffect\",\"isPartOf\":{\"@id\":\"https:\\\/\\\/surrealeffect.com\\\/#website\"},\"primaryImageOfPage\":{\"@id\":\"https:\\\/\\\/surrealeffect.com\\\/projects-portfolio\\\/#primaryimage\"},\"image\":{\"@id\":\"https:\\\/\\\/surrealeffect.com\\\/projects-portfolio\\\/#primaryimage\"},\"thumbnailUrl\":\"https:\\\/\\\/surrealeffect.com\\\/wp-content\\\/uploads\\\/2025\\\/04\\\/favicon-site.svg\",\"datePublished\":\"2025-06-15T22:55:57+00:00\",\"dateModified\":\"2025-06-15T23:08:26+00:00\",\"description\":\"Digital marketing Insights: Dive into expert perspectives and actionable ideas that empower you to unlock growth\",\"breadcrumb\":{\"@id\":\"https:\\\/\\\/surrealeffect.com\\\/projects-portfolio\\\/#breadcrumb\"},\"inLanguage\":\"es-CO\",\"potentialAction\":[{\"@type\":\"ReadAction\",\"target\":[\"https:\\\/\\\/surrealeffect.com\\\/projects-portfolio\\\/\"]}]},{\"@type\":\"ImageObject\",\"inLanguage\":\"es-CO\",\"@id\":\"https:\\\/\\\/surrealeffect.com\\\/projects-portfolio\\\/#primaryimage\",\"url\":\"https:\\\/\\\/surrealeffect.com\\\/wp-content\\\/uploads\\\/2025\\\/04\\\/favicon-site.svg\",\"contentUrl\":\"https:\\\/\\\/surrealeffect.com\\\/wp-content\\\/uploads\\\/2025\\\/04\\\/favicon-site.svg\",\"width\":218,\"height\":218},{\"@type\":\"BreadcrumbList\",\"@id\":\"https:\\\/\\\/surrealeffect.com\\\/projects-portfolio\\\/#breadcrumb\",\"itemListElement\":[{\"@type\":\"ListItem\",\"position\":1,\"name\":\"Home\",\"item\":\"https:\\\/\\\/surrealeffect.com\\\/\"},{\"@type\":\"ListItem\",\"position\":2,\"name\":\"Projects Portfolio\"}]},{\"@type\":\"WebSite\",\"@id\":\"https:\\\/\\\/surrealeffect.com\\\/#website\",\"url\":\"https:\\\/\\\/surrealeffect.com\\\/\",\"name\":\"surrealeffect.com\",\"description\":\"International digital marketing\",\"publisher\":{\"@id\":\"https:\\\/\\\/surrealeffect.com\\\/#organization\"},\"potentialAction\":[{\"@type\":\"SearchAction\",\"target\":{\"@type\":\"EntryPoint\",\"urlTemplate\":\"https:\\\/\\\/surrealeffect.com\\\/?s={search_term_string}\"},\"query-input\":{\"@type\":\"PropertyValueSpecification\",\"valueRequired\":true,\"valueName\":\"search_term_string\"}}],\"inLanguage\":\"es-CO\"},{\"@type\":\"Organization\",\"@id\":\"https:\\\/\\\/surrealeffect.com\\\/#organization\",\"name\":\"surrealeffect.com\",\"url\":\"https:\\\/\\\/surrealeffect.com\\\/\",\"logo\":{\"@type\":\"ImageObject\",\"inLanguage\":\"es-CO\",\"@id\":\"https:\\\/\\\/surrealeffect.com\\\/#\\\/schema\\\/logo\\\/image\\\/\",\"url\":\"http:\\\/\\\/surrealeffect.com\\\/wp-content\\\/uploads\\\/2025\\\/04\\\/favicon-site.svg\",\"contentUrl\":\"http:\\\/\\\/surrealeffect.com\\\/wp-content\\\/uploads\\\/2025\\\/04\\\/favicon-site.svg\",\"width\":218,\"height\":218,\"caption\":\"surrealeffect.com\"},\"image\":{\"@id\":\"https:\\\/\\\/surrealeffect.com\\\/#\\\/schema\\\/logo\\\/image\\\/\"},\"sameAs\":[\"https:\\\/\\\/www.facebook.com\\\/profile.php?id=61569196408200\"]}]}<\/script>\n<!-- \/ Yoast SEO plugin. -->","yoast_head_json":{"title":"Marketing digital - SurrealEffect","description":"Perspectivas de marketing digital: Sum\u00e9rgete en las perspectivas de los expertos y en las ideas pr\u00e1cticas que te permitir\u00e1n impulsar el crecimiento.","robots":{"index":"index","follow":"follow","max-snippet":"max-snippet:-1","max-image-preview":"max-image-preview:large","max-video-preview":"max-video-preview:-1"},"canonical":"https:\/\/surrealeffect.com\/es\/cartera-de-proyectos\/","og_locale":"es_ES","og_type":"article","og_title":"Digital marketing Insights - SurrealEffect","og_description":"Digital marketing Insights: Dive into expert perspectives and actionable ideas that empower you to unlock growth","og_url":"https:\/\/surrealeffect.com\/es\/cartera-de-proyectos\/","og_site_name":"SurrealEffect","article_publisher":"https:\/\/www.facebook.com\/profile.php?id=61569196408200","article_modified_time":"2025-06-15T23:08:26+00:00","twitter_card":"summary_large_image","twitter_misc":{"Tiempo de lectura":"2 minutos"},"schema":{"@context":"https:\/\/schema.org","@graph":[{"@type":"WebPage","@id":"https:\/\/surrealeffect.com\/projects-portfolio\/","url":"https:\/\/surrealeffect.com\/projects-portfolio\/","name":"Marketing digital - SurrealEffect","isPartOf":{"@id":"https:\/\/surrealeffect.com\/#website"},"primaryImageOfPage":{"@id":"https:\/\/surrealeffect.com\/projects-portfolio\/#primaryimage"},"image":{"@id":"https:\/\/surrealeffect.com\/projects-portfolio\/#primaryimage"},"thumbnailUrl":"https:\/\/surrealeffect.com\/wp-content\/uploads\/2025\/04\/favicon-site.svg","datePublished":"2025-06-15T22:55:57+00:00","dateModified":"2025-06-15T23:08:26+00:00","description":"Perspectivas de marketing digital: Sum\u00e9rgete en las perspectivas de los expertos y en las ideas pr\u00e1cticas que te permitir\u00e1n impulsar el crecimiento.","breadcrumb":{"@id":"https:\/\/surrealeffect.com\/projects-portfolio\/#breadcrumb"},"inLanguage":"es-CO","potentialAction":[{"@type":"ReadAction","target":["https:\/\/surrealeffect.com\/projects-portfolio\/"]}]},{"@type":"ImageObject","inLanguage":"es-CO","@id":"https:\/\/surrealeffect.com\/projects-portfolio\/#primaryimage","url":"https:\/\/surrealeffect.com\/wp-content\/uploads\/2025\/04\/favicon-site.svg","contentUrl":"https:\/\/surrealeffect.com\/wp-content\/uploads\/2025\/04\/favicon-site.svg","width":218,"height":218},{"@type":"BreadcrumbList","@id":"https:\/\/surrealeffect.com\/projects-portfolio\/#breadcrumb","itemListElement":[{"@type":"ListItem","position":1,"name":"Home","item":"https:\/\/surrealeffect.com\/"},{"@type":"ListItem","position":2,"name":"Projects Portfolio"}]},{"@type":"WebSite","@id":"https:\/\/surrealeffect.com\/#website","url":"https:\/\/surrealeffect.com\/","name":"surrealeffect.com","description":"Marketing digital internacional","publisher":{"@id":"https:\/\/surrealeffect.com\/#organization"},"potentialAction":[{"@type":"SearchAction","target":{"@type":"EntryPoint","urlTemplate":"https:\/\/surrealeffect.com\/?s={search_term_string}"},"query-input":{"@type":"PropertyValueSpecification","valueRequired":true,"valueName":"search_term_string"}}],"inLanguage":"es-CO"},{"@type":"Organization","@id":"https:\/\/surrealeffect.com\/#organization","name":"surrealeffect.com","url":"https:\/\/surrealeffect.com\/","logo":{"@type":"ImageObject","inLanguage":"es-CO","@id":"https:\/\/surrealeffect.com\/#\/schema\/logo\/image\/","url":"http:\/\/surrealeffect.com\/wp-content\/uploads\/2025\/04\/favicon-site.svg","contentUrl":"http:\/\/surrealeffect.com\/wp-content\/uploads\/2025\/04\/favicon-site.svg","width":218,"height":218,"caption":"surrealeffect.com"},"image":{"@id":"https:\/\/surrealeffect.com\/#\/schema\/logo\/image\/"},"sameAs":["https:\/\/www.facebook.com\/profile.php?id=61569196408200"]}]}},"_links":{"self":[{"href":"https:\/\/surrealeffect.com\/es\/wp-json\/wp\/v2\/pages\/9018","targetHints":{"allow":["GET"]}}],"collection":[{"href":"https:\/\/surrealeffect.com\/es\/wp-json\/wp\/v2\/pages"}],"about":[{"href":"https:\/\/surrealeffect.com\/es\/wp-json\/wp\/v2\/types\/page"}],"author":[{"embeddable":true,"href":"https:\/\/surrealeffect.com\/es\/wp-json\/wp\/v2\/users\/1"}],"replies":[{"embeddable":true,"href":"https:\/\/surrealeffect.com\/es\/wp-json\/wp\/v2\/comments?post=9018"}],"version-history":[{"count":49,"href":"https:\/\/surrealeffect.com\/es\/wp-json\/wp\/v2\/pages\/9018\/revisions"}],"predecessor-version":[{"id":9068,"href":"https:\/\/surrealeffect.com\/es\/wp-json\/wp\/v2\/pages\/9018\/revisions\/9068"}],"wp:featuredmedia":[{"embeddable":true,"href":"https:\/\/surrealeffect.com\/es\/wp-json\/wp\/v2\/media\/28"}],"wp:attachment":[{"href":"https:\/\/surrealeffect.com\/es\/wp-json\/wp\/v2\/media?parent=9018"}],"curies":[{"name":"wp","href":"https:\/\/api.w.org\/{rel}","templated":true}]}}