{"id":5468,"date":"2025-05-11T00:42:11","date_gmt":"2025-05-11T00:42:11","guid":{"rendered":"https:\/\/surrealeffect.com\/?page_id=5468"},"modified":"2025-05-22T17:02:13","modified_gmt":"2025-05-22T17:02:13","slug":"lideranca","status":"publish","type":"page","link":"https:\/\/surrealeffect.com\/pt_br\/lideranca\/","title":{"rendered":"Lideran\u00e7a"},"content":{"rendered":"<div data-elementor-type=\"wp-page\" data-elementor-id=\"5468\" class=\"elementor elementor-5468\" data-elementor-post-type=\"page\">\n\t\t\t\t<header class=\"elementor-element elementor-element-095b8a3 e-flex e-con-boxed e-con e-parent\" data-id=\"095b8a3\" data-element_type=\"container\" data-e-type=\"container\" data-settings=\"{&quot;background_background&quot;:&quot;classic&quot;}\">\n\t\t\t\t\t<div class=\"e-con-inner\">\n\t\t\t\t<div class=\"elementor-element elementor-element-156d73a elementor-widget elementor-widget-heading\" data-id=\"156d73a\" data-element_type=\"widget\" data-e-type=\"widget\" data-widget_type=\"heading.default\">\n\t\t\t\t\t<h1 class=\"elementor-heading-title elementor-size-default\">Lideran\u00e7a<\/h1>\t\t\t\t<\/div>\n\t\t\t\t<div class=\"elementor-element elementor-element-8f640a0 elementor-align-center elementor-widget elementor-widget-button\" data-id=\"8f640a0\" data-element_type=\"widget\" data-e-type=\"widget\" data-widget_type=\"button.default\">\n\t\t\t\t\t\t\t\t\t\t<a class=\"elementor-button elementor-button-link elementor-size-sm\" href=\"#team\">\n\t\t\t\t\t\t<span class=\"elementor-button-content-wrapper\">\n\t\t\t\t\t\t<span class=\"elementor-button-icon\">\n\t\t\t\t<svg xmlns=\"http:\/\/www.w3.org\/2000\/svg\" width=\"92\" height=\"92\" viewbox=\"0 0 92 92\" fill=\"none\"><path fill-rule=\"evenodd\" clip-rule=\"evenodd\" d=\"M66.1189 62.5L66.1189 28.9561C66.1189 28.2207 65.5212 27.6229 64.7858 27.6229C64.0504 27.6229 63.4527 28.2207 63.4527 28.9561L63.4527 59.7708L29.8548 26.1729C29.3343 25.6525 28.4896 25.6525 27.9691 26.1729C27.4468 26.6952 27.4487 27.5381 27.9691 28.0586L61.4747 61.5641H30.8448C30.1094 61.5641 29.5116 62.1619 29.5116 62.8973C29.5116 63.6364 30.1074 64.2285 30.8448 64.2305L64.388 64.2322C64.4865 64.2348 65.2204 64.2409 65.7265 63.6444C66.1256 63.1739 66.1235 62.635 66.1189 62.5Z\" fill=\"white\"><\/path><\/svg>\t\t\t<\/span>\n\t\t\t\t\t\t\t\t\t<span class=\"elementor-button-text\">Conhe\u00e7a a equipe da Surrealeffect<\/span>\n\t\t\t\t\t<\/span>\n\t\t\t\t\t<\/a>\n\t\t\t\t\t\t\t\t<\/div>\n\t\t\t\t\t<\/div>\n\t\t\t\t<\/header>\n\t\t<section class=\"elementor-element elementor-element-57fdd05 e-flex e-con-boxed e-con e-parent\" data-id=\"57fdd05\" data-element_type=\"container\" data-e-type=\"container\" data-settings=\"{&quot;background_background&quot;:&quot;classic&quot;}\">\n\t\t\t\t\t<div class=\"e-con-inner\">\n\t\t\t\t<div class=\"elementor-element elementor-element-9c1d35f animated-fast elementor-invisible elementor-widget elementor-widget-heading\" data-id=\"9c1d35f\" data-element_type=\"widget\" data-e-type=\"widget\" data-settings=\"{&quot;_animation&quot;:&quot;fadeInDown&quot;}\" data-widget_type=\"heading.default\">\n\t\t\t\t\t<h2 class=\"elementor-heading-title elementor-size-default\">somos uma equipe estrat\u00e9gica e multidisciplinar com uma perspectiva global<\/h2>\t\t\t\t<\/div>\n\t\t\t\t<div class=\"elementor-element elementor-element-6ef8d80 elementor-widget elementor-widget-menu-anchor\" data-id=\"6ef8d80\" data-element_type=\"widget\" data-e-type=\"widget\" data-widget_type=\"menu-anchor.default\">\n\t\t\t\t\t\t\t<div class=\"elementor-menu-anchor\" id=\"team\"><\/div>\n\t\t\t\t\t\t<\/div>\n\t\t\t\t\t<\/div>\n\t\t\t\t<\/section>\n\t\t<main class=\"elementor-element elementor-element-2749675 e-grid e-con-boxed e-con e-parent\" data-id=\"2749675\" data-element_type=\"container\" data-e-type=\"container\" data-settings=\"{&quot;background_background&quot;:&quot;classic&quot;}\">\n\t\t\t\t\t<div class=\"e-con-inner\">\n\t\t\t\t<div class=\"elementor-element elementor-element-d3ca98b image-box_team animated-fast elementor-position-top elementor-invisible elementor-widget elementor-widget-image-box\" data-id=\"d3ca98b\" data-element_type=\"widget\" data-e-type=\"widget\" data-settings=\"{&quot;_animation&quot;:&quot;fadeIn&quot;}\" data-widget_type=\"image-box.default\">\n\t\t\t\t\t<div class=\"elementor-image-box-wrapper\"><figure class=\"elementor-image-box-img\"><img fetchpriority=\"high\" decoding=\"async\" width=\"903\" height=\"1536\" src=\"https:\/\/surrealeffect.com\/wp-content\/uploads\/2025\/04\/2.webp\" class=\"attachment-full size-full wp-image-912\" alt=\"\" srcset=\"https:\/\/surrealeffect.com\/wp-content\/uploads\/2025\/04\/2.webp 903w, https:\/\/surrealeffect.com\/wp-content\/uploads\/2025\/04\/2-176x300.webp 176w, https:\/\/surrealeffect.com\/wp-content\/uploads\/2025\/04\/2-602x1024.webp 602w, https:\/\/surrealeffect.com\/wp-content\/uploads\/2025\/04\/2-768x1306.webp 768w\" sizes=\"(max-width: 903px) 100vw, 903px\" \/><\/figure><div class=\"elementor-image-box-content\"><h3 class=\"elementor-image-box-title\">Aline Santos<\/h3><p class=\"elementor-image-box-description\">Gerente de estrat\u00e9gia<\/p><\/div><\/div>\t\t\t\t<\/div>\n\t\t\t\t<div class=\"elementor-element elementor-element-28e9f00 image-box_team animated-fast elementor-position-top elementor-invisible elementor-widget elementor-widget-image-box\" data-id=\"28e9f00\" data-element_type=\"widget\" data-e-type=\"widget\" data-settings=\"{&quot;_animation&quot;:&quot;fadeIn&quot;}\" data-widget_type=\"image-box.default\">\n\t\t\t\t\t<div class=\"elementor-image-box-wrapper\"><figure class=\"elementor-image-box-img\"><img decoding=\"async\" width=\"1024\" height=\"1536\" src=\"https:\/\/surrealeffect.com\/wp-content\/uploads\/2025\/04\/surreal-professionals-_5_.webp\" class=\"attachment-full size-full wp-image-3882\" alt=\"\" srcset=\"https:\/\/surrealeffect.com\/wp-content\/uploads\/2025\/04\/surreal-professionals-_5_.webp 1024w, https:\/\/surrealeffect.com\/wp-content\/uploads\/2025\/04\/surreal-professionals-_5_-200x300.webp 200w, https:\/\/surrealeffect.com\/wp-content\/uploads\/2025\/04\/surreal-professionals-_5_-683x1024.webp 683w, https:\/\/surrealeffect.com\/wp-content\/uploads\/2025\/04\/surreal-professionals-_5_-768x1152.webp 768w\" sizes=\"(max-width: 1024px) 100vw, 1024px\" \/><\/figure><div class=\"elementor-image-box-content\"><h3 class=\"elementor-image-box-title\">Bruno Bertolucci<\/h3><p class=\"elementor-image-box-description\">Gerente de estrat\u00e9gia<\/p><\/div><\/div>\t\t\t\t<\/div>\n\t\t\t\t<div class=\"elementor-element elementor-element-2348d33 image-box_team animated-fast elementor-position-top elementor-invisible elementor-widget elementor-widget-image-box\" data-id=\"2348d33\" data-element_type=\"widget\" data-e-type=\"widget\" data-settings=\"{&quot;_animation&quot;:&quot;fadeIn&quot;}\" data-widget_type=\"image-box.default\">\n\t\t\t\t\t<div class=\"elementor-image-box-wrapper\"><figure class=\"elementor-image-box-img\"><img decoding=\"async\" width=\"903\" height=\"1536\" src=\"https:\/\/surrealeffect.com\/wp-content\/uploads\/2025\/04\/5.webp\" class=\"attachment-full size-full wp-image-915\" alt=\"\" srcset=\"https:\/\/surrealeffect.com\/wp-content\/uploads\/2025\/04\/5.webp 903w, https:\/\/surrealeffect.com\/wp-content\/uploads\/2025\/04\/5-176x300.webp 176w, https:\/\/surrealeffect.com\/wp-content\/uploads\/2025\/04\/5-602x1024.webp 602w, https:\/\/surrealeffect.com\/wp-content\/uploads\/2025\/04\/5-768x1306.webp 768w\" sizes=\"(max-width: 903px) 100vw, 903px\" \/><\/figure><div class=\"elementor-image-box-content\"><h3 class=\"elementor-image-box-title\">Sarah Lins<\/h3><p class=\"elementor-image-box-description\">M\u00eddia social, marketing por e-mail, SEO<\/p><\/div><\/div>\t\t\t\t<\/div>\n\t\t\t\t<div class=\"elementor-element elementor-element-4b22eab image-box_team animated-fast elementor-position-top elementor-invisible elementor-widget elementor-widget-image-box\" data-id=\"4b22eab\" data-element_type=\"widget\" data-e-type=\"widget\" data-settings=\"{&quot;_animation&quot;:&quot;fadeIn&quot;}\" data-widget_type=\"image-box.default\">\n\t\t\t\t\t<div class=\"elementor-image-box-wrapper\"><figure class=\"elementor-image-box-img\"><img loading=\"lazy\" decoding=\"async\" width=\"903\" height=\"1536\" src=\"https:\/\/surrealeffect.com\/wp-content\/uploads\/2025\/04\/1.webp\" class=\"attachment-full size-full wp-image-916\" alt=\"\" srcset=\"https:\/\/surrealeffect.com\/wp-content\/uploads\/2025\/04\/1.webp 903w, https:\/\/surrealeffect.com\/wp-content\/uploads\/2025\/04\/1-176x300.webp 176w, https:\/\/surrealeffect.com\/wp-content\/uploads\/2025\/04\/1-602x1024.webp 602w, https:\/\/surrealeffect.com\/wp-content\/uploads\/2025\/04\/1-768x1306.webp 768w\" sizes=\"(max-width: 903px) 100vw, 903px\" \/><\/figure><div class=\"elementor-image-box-content\"><h3 class=\"elementor-image-box-title\">Caio Morais<\/h3><p class=\"elementor-image-box-description\">Designer gr\u00e1fico\n\n<\/p><\/div><\/div>\t\t\t\t<\/div>\n\t\t\t\t<div class=\"elementor-element elementor-element-f51cbd1 image-box_team animated-fast elementor-position-top elementor-invisible elementor-widget elementor-widget-image-box\" data-id=\"f51cbd1\" data-element_type=\"widget\" data-e-type=\"widget\" data-settings=\"{&quot;_animation&quot;:&quot;fadeIn&quot;}\" data-widget_type=\"image-box.default\">\n\t\t\t\t\t<div class=\"elementor-image-box-wrapper\"><figure class=\"elementor-image-box-img\"><img loading=\"lazy\" decoding=\"async\" width=\"903\" height=\"1536\" src=\"https:\/\/surrealeffect.com\/wp-content\/uploads\/2025\/04\/3.webp\" class=\"attachment-full size-full wp-image-913\" alt=\"\" srcset=\"https:\/\/surrealeffect.com\/wp-content\/uploads\/2025\/04\/3.webp 903w, https:\/\/surrealeffect.com\/wp-content\/uploads\/2025\/04\/3-176x300.webp 176w, https:\/\/surrealeffect.com\/wp-content\/uploads\/2025\/04\/3-602x1024.webp 602w, https:\/\/surrealeffect.com\/wp-content\/uploads\/2025\/04\/3-768x1306.webp 768w\" sizes=\"(max-width: 903px) 100vw, 903px\" \/><\/figure><div class=\"elementor-image-box-content\"><h3 class=\"elementor-image-box-title\">Fabio Marcelo<\/h3><p class=\"elementor-image-box-description\">Gerente de tr\u00e1fego\n\n<\/p><\/div><\/div>\t\t\t\t<\/div>\n\t\t\t\t<div class=\"elementor-element elementor-element-16e48a4 image-box_team animated-fast elementor-position-top elementor-invisible elementor-widget elementor-widget-image-box\" data-id=\"16e48a4\" data-element_type=\"widget\" data-e-type=\"widget\" data-settings=\"{&quot;_animation&quot;:&quot;fadeIn&quot;}\" data-widget_type=\"image-box.default\">\n\t\t\t\t\t<div class=\"elementor-image-box-wrapper\"><figure class=\"elementor-image-box-img\"><img loading=\"lazy\" decoding=\"async\" width=\"903\" height=\"1536\" src=\"https:\/\/surrealeffect.com\/wp-content\/uploads\/2025\/04\/4.webp\" class=\"attachment-full size-full wp-image-914\" alt=\"\" srcset=\"https:\/\/surrealeffect.com\/wp-content\/uploads\/2025\/04\/4.webp 903w, https:\/\/surrealeffect.com\/wp-content\/uploads\/2025\/04\/4-176x300.webp 176w, https:\/\/surrealeffect.com\/wp-content\/uploads\/2025\/04\/4-602x1024.webp 602w, https:\/\/surrealeffect.com\/wp-content\/uploads\/2025\/04\/4-768x1306.webp 768w\" sizes=\"(max-width: 903px) 100vw, 903px\" \/><\/figure><div class=\"elementor-image-box-content\"><h3 class=\"elementor-image-box-title\">Alessandra Coutinho<\/h3><p class=\"elementor-image-box-description\">Redator<\/p><\/div><\/div>\t\t\t\t<\/div>\n\t\t\t\t\t<\/div>\n\t\t\t\t<\/main>\n\t\t<aside class=\"elementor-element elementor-element-411cda5 parallax-bg e-flex e-con-boxed e-con e-parent\" data-id=\"411cda5\" data-element_type=\"container\" data-e-type=\"container\" data-settings=\"{&quot;background_background&quot;:&quot;classic&quot;}\">\n\t\t\t\t\t<div class=\"e-con-inner\">\n\t\t\t\t<div class=\"elementor-element elementor-element-342e746 elementor-widget__width-initial animated-fast elementor-invisible elementor-widget elementor-widget-heading\" data-id=\"342e746\" data-element_type=\"widget\" data-e-type=\"widget\" data-settings=\"{&quot;_animation&quot;:&quot;fadeInUp&quot;}\" data-widget_type=\"heading.default\">\n\t\t\t\t\t<h2 class=\"elementor-heading-title elementor-size-default\">Vamos criar um ambiente surrealista <br>projeto para sua marca?<\/h2>\t\t\t\t<\/div>\n\t\t\t\t<div class=\"elementor-element elementor-element-6d6b3d4 elementor-align-center e-transform animated-fast elementor-invisible elementor-widget elementor-widget-button\" data-id=\"6d6b3d4\" data-element_type=\"widget\" data-e-type=\"widget\" data-settings=\"{&quot;_transform_translateY_effect_hover&quot;:{&quot;unit&quot;:&quot;px&quot;,&quot;size&quot;:-4,&quot;sizes&quot;:[]},&quot;_animation&quot;:&quot;fadeInUp&quot;,&quot;_transform_translateX_effect_hover&quot;:{&quot;unit&quot;:&quot;px&quot;,&quot;size&quot;:&quot;&quot;,&quot;sizes&quot;:[]},&quot;_transform_translateX_effect_hover_tablet&quot;:{&quot;unit&quot;:&quot;px&quot;,&quot;size&quot;:&quot;&quot;,&quot;sizes&quot;:[]},&quot;_transform_translateX_effect_hover_mobile&quot;:{&quot;unit&quot;:&quot;px&quot;,&quot;size&quot;:&quot;&quot;,&quot;sizes&quot;:[]},&quot;_transform_translateY_effect_hover_tablet&quot;:{&quot;unit&quot;:&quot;px&quot;,&quot;size&quot;:&quot;&quot;,&quot;sizes&quot;:[]},&quot;_transform_translateY_effect_hover_mobile&quot;:{&quot;unit&quot;:&quot;px&quot;,&quot;size&quot;:&quot;&quot;,&quot;sizes&quot;:[]}}\" data-widget_type=\"button.default\">\n\t\t\t\t\t\t\t\t\t\t<a class=\"elementor-button elementor-button-link elementor-size-sm\" href=\"https:\/\/surrealeffect.com\/pt_br\/contato-2\/\">\n\t\t\t\t\t\t<span class=\"elementor-button-content-wrapper\">\n\t\t\t\t\t\t<span class=\"elementor-button-icon\">\n\t\t\t\t<svg xmlns=\"http:\/\/www.w3.org\/2000\/svg\" id=\"arrow-circle-down\" viewbox=\"0 0 24 24\" width=\"512\" height=\"512\"><path d=\"M12,0C5.383,0,0,5.383,0,12s5.383,12,12,12,12-5.383,12-12S18.617,0,12,0Zm0,23c-6.065,0-11-4.935-11-11S5.935,1,12,1s11,4.935,11,11-4.935,11-11,11Zm5.522-12.154c.636,.636,.636,1.671,0,2.308l-4.803,4.803-.707-.707,4.75-4.75H6v-1h10.762l-4.75-4.75,.707-.707,4.803,4.803Z\"><\/path><\/svg>\t\t\t<\/span>\n\t\t\t\t\t\t\t\t\t<span class=\"elementor-button-text\">Agendar uma reuni\u00e3o estrat\u00e9gica<\/span>\n\t\t\t\t\t<\/span>\n\t\t\t\t\t<\/a>\n\t\t\t\t\t\t\t\t<\/div>\n\t\t\t\t\t<\/div>\n\t\t\t\t<\/aside>\n\t\t\t\t<\/div>","protected":false},"excerpt":{"rendered":"<p>Lideran\u00e7a Conhe\u00e7a a equipe Surreal Effect Somos uma equipe estrat\u00e9gica, multidisciplinar e com perspectiva global Aline Santos Gerente de Estrat\u00e9gia Bruno Bertolucci Gerente de Estrat\u00e9gia Sarah Lins Social Media, email marketing, SEO Caio Morais Designer Gr\u00e1fico Fabio Marcelo Gerente de Tr\u00e1fego Alessandra Coutinho Copywriter Vamos criar um projeto surreal para sua Marca? Agende uma reuni\u00e3o estrat\u00e9gica<\/p>","protected":false},"author":1,"featured_media":5880,"parent":0,"menu_order":0,"comment_status":"closed","ping_status":"closed","template":"elementor_header_footer","meta":{"footnotes":""},"class_list":["post-5468","page","type-page","status-publish","has-post-thumbnail","hentry"],"yoast_head":"<!-- This site is optimized with the Yoast SEO plugin v27.5 - https:\/\/yoast.com\/product\/yoast-seo-wordpress\/ -->\n<title>Surreal Effect Leadership - SurrealEffect Digital Marketing<\/title>\n<meta name=\"description\" content=\"Surreal effect team: we are a strategic, multidisciplinary team with a global perspective. Meet our leadership and team\" \/>\n<meta name=\"robots\" content=\"index, follow, max-snippet:-1, max-image-preview:large, max-video-preview:-1\" \/>\n<link rel=\"canonical\" href=\"https:\/\/surrealeffect.com\/pt_br\/lideranca\/\" \/>\n<meta property=\"og:locale\" content=\"pt_BR\" \/>\n<meta property=\"og:type\" content=\"article\" \/>\n<meta property=\"og:title\" content=\"Surreal Effect Leadership - SurrealEffect Digital Marketing\" \/>\n<meta property=\"og:description\" content=\"Surreal effect team: we are a strategic, multidisciplinary team with a global perspective. Meet our leadership and team\" \/>\n<meta property=\"og:url\" content=\"https:\/\/surrealeffect.com\/pt_br\/lideranca\/\" \/>\n<meta property=\"og:site_name\" content=\"SurrealEffect\" \/>\n<meta property=\"article:publisher\" content=\"https:\/\/www.facebook.com\/profile.php?id=61569196408200\" \/>\n<meta property=\"article:modified_time\" content=\"2025-05-22T17:02:13+00:00\" \/>\n<meta property=\"og:image\" content=\"https:\/\/surrealeffect.com\/wp-content\/uploads\/2025\/05\/meeting-late-night-business-people-computer-with-problem-solving-ideas-planning-startup-project-together-teamwork-overtime-office-team-brainstorming-agency-with-man-women-scaled.webp\" \/>\n\t<meta property=\"og:image:width\" content=\"2560\" \/>\n\t<meta property=\"og:image:height\" content=\"1708\" \/>\n\t<meta property=\"og:image:type\" content=\"image\/webp\" \/>\n<meta name=\"twitter:card\" content=\"summary_large_image\" \/>\n<script type=\"application\/ld+json\" class=\"yoast-schema-graph\">{\"@context\":\"https:\\\/\\\/schema.org\",\"@graph\":[{\"@type\":\"WebPage\",\"@id\":\"https:\\\/\\\/surrealeffect.com\\\/leadership\\\/\",\"url\":\"https:\\\/\\\/surrealeffect.com\\\/leadership\\\/\",\"name\":\"Surreal Effect Leadership - SurrealEffect Digital Marketing\",\"isPartOf\":{\"@id\":\"https:\\\/\\\/surrealeffect.com\\\/#website\"},\"primaryImageOfPage\":{\"@id\":\"https:\\\/\\\/surrealeffect.com\\\/leadership\\\/#primaryimage\"},\"image\":{\"@id\":\"https:\\\/\\\/surrealeffect.com\\\/leadership\\\/#primaryimage\"},\"thumbnailUrl\":\"https:\\\/\\\/surrealeffect.com\\\/wp-content\\\/uploads\\\/2025\\\/05\\\/meeting-late-night-business-people-computer-with-problem-solving-ideas-planning-startup-project-together-teamwork-overtime-office-team-brainstorming-agency-with-man-women-scaled.webp\",\"datePublished\":\"2025-05-11T00:42:11+00:00\",\"dateModified\":\"2025-05-22T17:02:13+00:00\",\"description\":\"Surreal effect team: we are a strategic, multidisciplinary team with a global perspective. Meet our leadership and team\",\"breadcrumb\":{\"@id\":\"https:\\\/\\\/surrealeffect.com\\\/leadership\\\/#breadcrumb\"},\"inLanguage\":\"pt-BR\",\"potentialAction\":[{\"@type\":\"ReadAction\",\"target\":[\"https:\\\/\\\/surrealeffect.com\\\/leadership\\\/\"]}]},{\"@type\":\"ImageObject\",\"inLanguage\":\"pt-BR\",\"@id\":\"https:\\\/\\\/surrealeffect.com\\\/leadership\\\/#primaryimage\",\"url\":\"https:\\\/\\\/surrealeffect.com\\\/wp-content\\\/uploads\\\/2025\\\/05\\\/meeting-late-night-business-people-computer-with-problem-solving-ideas-planning-startup-project-together-teamwork-overtime-office-team-brainstorming-agency-with-man-women-scaled.webp\",\"contentUrl\":\"https:\\\/\\\/surrealeffect.com\\\/wp-content\\\/uploads\\\/2025\\\/05\\\/meeting-late-night-business-people-computer-with-problem-solving-ideas-planning-startup-project-together-teamwork-overtime-office-team-brainstorming-agency-with-man-women-scaled.webp\",\"width\":2560,\"height\":1708,\"caption\":\"Surrealeffect Digital Marketing Services: a marketing team discusing insights on office\"},{\"@type\":\"BreadcrumbList\",\"@id\":\"https:\\\/\\\/surrealeffect.com\\\/leadership\\\/#breadcrumb\",\"itemListElement\":[{\"@type\":\"ListItem\",\"position\":1,\"name\":\"Home\",\"item\":\"https:\\\/\\\/surrealeffect.com\\\/\"},{\"@type\":\"ListItem\",\"position\":2,\"name\":\"Leadership\"}]},{\"@type\":\"WebSite\",\"@id\":\"https:\\\/\\\/surrealeffect.com\\\/#website\",\"url\":\"https:\\\/\\\/surrealeffect.com\\\/\",\"name\":\"surrealeffect.com\",\"description\":\"International digital marketing\",\"publisher\":{\"@id\":\"https:\\\/\\\/surrealeffect.com\\\/#organization\"},\"potentialAction\":[{\"@type\":\"SearchAction\",\"target\":{\"@type\":\"EntryPoint\",\"urlTemplate\":\"https:\\\/\\\/surrealeffect.com\\\/?s={search_term_string}\"},\"query-input\":{\"@type\":\"PropertyValueSpecification\",\"valueRequired\":true,\"valueName\":\"search_term_string\"}}],\"inLanguage\":\"pt-BR\"},{\"@type\":\"Organization\",\"@id\":\"https:\\\/\\\/surrealeffect.com\\\/#organization\",\"name\":\"surrealeffect.com\",\"url\":\"https:\\\/\\\/surrealeffect.com\\\/\",\"logo\":{\"@type\":\"ImageObject\",\"inLanguage\":\"pt-BR\",\"@id\":\"https:\\\/\\\/surrealeffect.com\\\/#\\\/schema\\\/logo\\\/image\\\/\",\"url\":\"http:\\\/\\\/surrealeffect.com\\\/wp-content\\\/uploads\\\/2025\\\/04\\\/favicon-site.svg\",\"contentUrl\":\"http:\\\/\\\/surrealeffect.com\\\/wp-content\\\/uploads\\\/2025\\\/04\\\/favicon-site.svg\",\"width\":218,\"height\":218,\"caption\":\"surrealeffect.com\"},\"image\":{\"@id\":\"https:\\\/\\\/surrealeffect.com\\\/#\\\/schema\\\/logo\\\/image\\\/\"},\"sameAs\":[\"https:\\\/\\\/www.facebook.com\\\/profile.php?id=61569196408200\"]}]}<\/script>\n<!-- \/ Yoast SEO plugin. -->","yoast_head_json":{"title":"Lideran\u00e7a Surreal Effect - Marketing Digital SurrealEffect","description":"Equipe Surreal effect: somos uma equipe estrat\u00e9gica e multidisciplinar com uma perspectiva global. Conhe\u00e7a nossa lideran\u00e7a e equipe","robots":{"index":"index","follow":"follow","max-snippet":"max-snippet:-1","max-image-preview":"max-image-preview:large","max-video-preview":"max-video-preview:-1"},"canonical":"https:\/\/surrealeffect.com\/pt_br\/lideranca\/","og_locale":"pt_BR","og_type":"article","og_title":"Surreal Effect Leadership - SurrealEffect Digital Marketing","og_description":"Surreal effect team: we are a strategic, multidisciplinary team with a global perspective. Meet our leadership and team","og_url":"https:\/\/surrealeffect.com\/pt_br\/lideranca\/","og_site_name":"SurrealEffect","article_publisher":"https:\/\/www.facebook.com\/profile.php?id=61569196408200","article_modified_time":"2025-05-22T17:02:13+00:00","og_image":[{"width":2560,"height":1708,"url":"https:\/\/surrealeffect.com\/wp-content\/uploads\/2025\/05\/meeting-late-night-business-people-computer-with-problem-solving-ideas-planning-startup-project-together-teamwork-overtime-office-team-brainstorming-agency-with-man-women-scaled.webp","type":"image\/webp"}],"twitter_card":"summary_large_image","schema":{"@context":"https:\/\/schema.org","@graph":[{"@type":"WebPage","@id":"https:\/\/surrealeffect.com\/leadership\/","url":"https:\/\/surrealeffect.com\/leadership\/","name":"Lideran\u00e7a Surreal Effect - Marketing Digital SurrealEffect","isPartOf":{"@id":"https:\/\/surrealeffect.com\/#website"},"primaryImageOfPage":{"@id":"https:\/\/surrealeffect.com\/leadership\/#primaryimage"},"image":{"@id":"https:\/\/surrealeffect.com\/leadership\/#primaryimage"},"thumbnailUrl":"https:\/\/surrealeffect.com\/wp-content\/uploads\/2025\/05\/meeting-late-night-business-people-computer-with-problem-solving-ideas-planning-startup-project-together-teamwork-overtime-office-team-brainstorming-agency-with-man-women-scaled.webp","datePublished":"2025-05-11T00:42:11+00:00","dateModified":"2025-05-22T17:02:13+00:00","description":"Equipe Surreal effect: somos uma equipe estrat\u00e9gica e multidisciplinar com uma perspectiva global. Conhe\u00e7a nossa lideran\u00e7a e equipe","breadcrumb":{"@id":"https:\/\/surrealeffect.com\/leadership\/#breadcrumb"},"inLanguage":"pt-BR","potentialAction":[{"@type":"ReadAction","target":["https:\/\/surrealeffect.com\/leadership\/"]}]},{"@type":"ImageObject","inLanguage":"pt-BR","@id":"https:\/\/surrealeffect.com\/leadership\/#primaryimage","url":"https:\/\/surrealeffect.com\/wp-content\/uploads\/2025\/05\/meeting-late-night-business-people-computer-with-problem-solving-ideas-planning-startup-project-together-teamwork-overtime-office-team-brainstorming-agency-with-man-women-scaled.webp","contentUrl":"https:\/\/surrealeffect.com\/wp-content\/uploads\/2025\/05\/meeting-late-night-business-people-computer-with-problem-solving-ideas-planning-startup-project-together-teamwork-overtime-office-team-brainstorming-agency-with-man-women-scaled.webp","width":2560,"height":1708,"caption":"Surrealeffect Digital Marketing Services: a marketing team discusing insights on office"},{"@type":"BreadcrumbList","@id":"https:\/\/surrealeffect.com\/leadership\/#breadcrumb","itemListElement":[{"@type":"ListItem","position":1,"name":"Home","item":"https:\/\/surrealeffect.com\/"},{"@type":"ListItem","position":2,"name":"Leadership"}]},{"@type":"WebSite","@id":"https:\/\/surrealeffect.com\/#website","url":"https:\/\/surrealeffect.com\/","name":"surrealeffect.com","description":"Marketing digital internacional","publisher":{"@id":"https:\/\/surrealeffect.com\/#organization"},"potentialAction":[{"@type":"SearchAction","target":{"@type":"EntryPoint","urlTemplate":"https:\/\/surrealeffect.com\/?s={search_term_string}"},"query-input":{"@type":"PropertyValueSpecification","valueRequired":true,"valueName":"search_term_string"}}],"inLanguage":"pt-BR"},{"@type":"Organization","@id":"https:\/\/surrealeffect.com\/#organization","name":"surrealeffect.com","url":"https:\/\/surrealeffect.com\/","logo":{"@type":"ImageObject","inLanguage":"pt-BR","@id":"https:\/\/surrealeffect.com\/#\/schema\/logo\/image\/","url":"http:\/\/surrealeffect.com\/wp-content\/uploads\/2025\/04\/favicon-site.svg","contentUrl":"http:\/\/surrealeffect.com\/wp-content\/uploads\/2025\/04\/favicon-site.svg","width":218,"height":218,"caption":"surrealeffect.com"},"image":{"@id":"https:\/\/surrealeffect.com\/#\/schema\/logo\/image\/"},"sameAs":["https:\/\/www.facebook.com\/profile.php?id=61569196408200"]}]}},"_links":{"self":[{"href":"https:\/\/surrealeffect.com\/pt_br\/wp-json\/wp\/v2\/pages\/5468","targetHints":{"allow":["GET"]}}],"collection":[{"href":"https:\/\/surrealeffect.com\/pt_br\/wp-json\/wp\/v2\/pages"}],"about":[{"href":"https:\/\/surrealeffect.com\/pt_br\/wp-json\/wp\/v2\/types\/page"}],"author":[{"embeddable":true,"href":"https:\/\/surrealeffect.com\/pt_br\/wp-json\/wp\/v2\/users\/1"}],"replies":[{"embeddable":true,"href":"https:\/\/surrealeffect.com\/pt_br\/wp-json\/wp\/v2\/comments?post=5468"}],"version-history":[{"count":18,"href":"https:\/\/surrealeffect.com\/pt_br\/wp-json\/wp\/v2\/pages\/5468\/revisions"}],"predecessor-version":[{"id":8486,"href":"https:\/\/surrealeffect.com\/pt_br\/wp-json\/wp\/v2\/pages\/5468\/revisions\/8486"}],"wp:featuredmedia":[{"embeddable":true,"href":"https:\/\/surrealeffect.com\/pt_br\/wp-json\/wp\/v2\/media\/5880"}],"wp:attachment":[{"href":"https:\/\/surrealeffect.com\/pt_br\/wp-json\/wp\/v2\/media?parent=5468"}],"curies":[{"name":"wp","href":"https:\/\/api.w.org\/{rel}","templated":true}]}}